{"id":326,"date":"2016-09-11T10:46:55","date_gmt":"2016-09-11T09:46:55","guid":{"rendered":"http:\/\/cgraf.inf.elte.hu\/?page_id=326"},"modified":"2024-02-13T13:03:35","modified_gmt":"2024-02-13T12:03:35","slug":"gpgpu","status":"publish","type":"page","link":"https:\/\/cg.inf.elte.hu\/index.php\/gpgpu\/","title":{"rendered":"GPGPU"},"content":{"rendered":"<h2>\u00d3r\u00e1k \/ Lectures<\/h2>\n<ul>\n<li>El\u0151ad\u00e1s + gyakorlat: kedd 8:30-11:00 (Grafika labor 2-219)<\/li>\n<\/ul>\n<p><strong>Koronav\u00edrus-inf\u00f3<\/strong>: Egyel\u0151re \u00fagy t\u0171nik, hogy jelenl\u00e9ti oktat\u00e1s lesz a f\u00e9l\u00e9vben, ez\u00e9rt Teams-en nem k\u00f6zvet\u00edtj\u00fck az \u00f3r\u00e1kat.<\/p>\n<h2>Oktat\u00f3k \/ Lecturers<\/h2>\n<ul>\n<li><a href=\"mailto:valasek-&gt;inf.elte.hu\"> Valasek G\u00e1bor <\/a><\/li>\n<li><a href=\"mailto:ivan.eichhardt+gpgpu_at_gmail.com\">Eichhardt Iv\u00e1n<\/a><\/li>\n<li><a href=\"mailto:hajder-&gt;inf.elte.hu\"> Hajder Levente <\/a><\/li>\n<\/ul>\n<h2>\u00a0<\/h2>\n<h2>Beadand\u00f3 feladatok terv\u00e9nek bemutat\u00e1sa<\/h2>\n<p><b>A <\/b>GPU beadand\u00f3k megval\u00f3s\u00edt\u00e1si terv\u00e9t kell bemutatni m\u00e1jusban<\/p>\n<p>Egy kb. <strong>6-8 di\u00e1s<\/strong> bemutat\u00f3val kell k\u00e9sz\u00fclni, melynek tartalmaznia kell a k\u00f6vetkez\u0151ket:<\/p>\n<ul>\n<li>C\u00edmlap: feladat neve, k\u00e9sz\u00edt\u0151je, v\u00e1lasztott platform (1 dia)<\/li>\n<li>A feladat le\u00edr\u00e1sa (1 dia)<\/li>\n<li>V\u00e1lasztott platform indokl\u00e1sa (1 dia)<\/li>\n<li>Algoritmus terve, kiemelve a p\u00e1rhuzamos\u00edt\u00e1si lehet\u0151s\u00e9geket (2-3 dia)<\/li>\n<li>Kih\u00edv\u00e1sok, neh\u00e9zs\u00e9gek (1-2 dia)<\/li>\n<\/ul>\n<p>A bemutat\u00f3t az \u00f3ra keret\u00e9ben, fejenk\u00e9nt <strong>5 perces<\/strong> id\u0151korl\u00e1ttal kell bemutatni. A prezent\u00e1ci\u00f3t <strong>0-20%<\/strong> k\u00f6z\u00f6tti <strong>pontsz\u00e1m<\/strong>mal \u00e9rt\u00e9kelik a t\u00e1rgy oktat\u00f3i.<\/p>\n<p>A v\u00e1lasztott feladatot\u00a0 ezen a <a href=\"https:\/\/docs.google.com\/forms\/d\/e\/1FAIpQLScgVEf54MXx2qlP8oTq6B-GDQ24mq8mN34kpTROgkdCPaTTpg\/viewform\">linken kereszt\u00fcl kell megadni<\/a>. A bemutat\u00f3\u00a0 id\u0151pontja: <strong>m\u00e1rcius 26.<\/strong><\/p>\n<p>Bek\u00fcld\u00e9s Canvas-on kereszt\u00fcl.<\/p>\n<p>\u00a0<\/p>\n<h2>\u00d3r\u00e1k anyagai<\/h2>\n<ul>\n<li><a href=\"https:\/\/cg.inf.elte.hu\/~gpgpu\/EA1.pdf\">Bevezet\u0151 el\u0151ad\u00e1s<\/a><\/li>\n<li><a href=\"https:\/\/cg.inf.elte.hu\/~gpgpu\/cuda\/GPGPU_CUDA_1.pdf\">CUDA els\u0151 el\u0151ad\u00e1s<\/a><\/li>\n<\/ul>\n<h2>Gyakorlatok anyagai<\/h2>\n<ul>\n<li><a href=\"https:\/\/cg.inf.elte.hu\/~gpgpu\/cuda\/linux\/\">CUDA gyakorlatok (Linux)<\/a><\/li>\n<\/ul>\n<h2>R\u00e9gebbi \u00f3r\u00e1k anyagai \/ Materials (obsolete)<\/h2>\n<ul>\n<li><a href=\"https:\/\/cg.inf.elte.hu\/~gpgpu\/Slides\/\">El\u0151ad\u00e1sok \/ Slides<\/a><\/li>\n<li>Gyakorlatok \/ Practice\n<ul>\n<li><a href=\"https:\/\/gitlab.com\/gpgpu-course\">GitLab<\/a> (authorization required)<\/li>\n<\/ul>\n<\/li>\n<\/ul>\n<h2>Nagybeadand\u00f3k \/ Homework assignments<\/h2>\n<p>Homework must be sent to <a href=\"mailto:hajder@inf.elte.hu\">hajder@inf.elte.hu.<\/a> Then it has to be presented personally as well.\u00a0 Deadline: end of exam period.<\/p>\n<ul>\n<li>Grading system and assignments available <a href=\"https:\/\/docs.google.com\/document\/d\/15x38bYtuHRw_0vjiJDCSkuslPVO1VjPjjNfWkqnX-rE\/edit?usp=sharing\">here<\/a><\/li>\n<\/ul>\n<p><!-- T\u00e9telsor vizsg\u00e1ra Sz\u00e1m\u00edt\u00f3g\u00e9p architekt\u00far\u00e1k \u00e1ttekint\u00e9se a sebess\u00e9g szemsz\u00f6g\u00e9b\u0151l CPU-alap\u00fa architekt\u00far\u00e1k fejl\u0151d\u00e9se GPU-alap\u00fa architekt\u00far\u00e1k fejl\u0151d\u00e9se Az OpenCL elemei: platform \u00e9s program modellek Az OpenCL elemei: v\u00e9grehajt\u00e1si s\u00e9ma \u00e9s mem\u00f3ria modell A CUDA elemei: v\u00e9grehajt\u00e1si s\u00e9ma \u00e9s mem\u00f3ria modell GPGPU haszn\u00e1lata k\u00e9pfeldolgoz\u00e1sban: \u00e1tlagsz\u0171r\u0151, s\u00falyozott \u00e1tlagsz\u0171r\u00fa, medi\u00e1nsz\u0171r\u0151 GPGPU haszn\u00e1lata line\u00e1ris algebr\u00e1ban: pozit\u00edv szemidefinit m\u00e1trix saj\u00e1tvektora, Gauss-Jordan elimin\u00e1ci\u00f3 --><\/p>\n<h2>Linkek \/ Links<\/h2>\n<p><a href=\"http:\/\/www.icl.utk.edu\/~mgates3\/docs\/cuda.html\">CUDA reference<\/a><\/p>\n\n\n<p><\/p>\n","protected":false},"excerpt":{"rendered":"<p>\u00d3r\u00e1k \/ Lectures El\u0151ad\u00e1s + gyakorlat: kedd 8:30-11:00 (Grafika labor 2-219) Koronav\u00edrus-inf\u00f3: Egyel\u0151re \u00fagy t\u0171nik, hogy jelenl\u00e9ti oktat\u00e1s lesz a f\u00e9l\u00e9vben, ez\u00e9rt Teams-en nem k\u00f6zvet\u00edtj\u00fck az \u00f3r\u00e1kat. Oktat\u00f3k \/ Lecturers Valasek G\u00e1bor Eichhardt Iv\u00e1n Hajder&#8230;<\/p>\n","protected":false},"author":3,"featured_media":0,"parent":0,"menu_order":0,"comment_status":"closed","ping_status":"closed","template":"","meta":{"inline_featured_image":false,"footnotes":""},"class_list":["post-326","page","type-page","status-publish","hentry"],"_links":{"self":[{"href":"https:\/\/cg.inf.elte.hu\/index.php\/wp-json\/wp\/v2\/pages\/326","targetHints":{"allow":["GET"]}}],"collection":[{"href":"https:\/\/cg.inf.elte.hu\/index.php\/wp-json\/wp\/v2\/pages"}],"about":[{"href":"https:\/\/cg.inf.elte.hu\/index.php\/wp-json\/wp\/v2\/types\/page"}],"author":[{"embeddable":true,"href":"https:\/\/cg.inf.elte.hu\/index.php\/wp-json\/wp\/v2\/users\/3"}],"replies":[{"embeddable":true,"href":"https:\/\/cg.inf.elte.hu\/index.php\/wp-json\/wp\/v2\/comments?post=326"}],"version-history":[{"count":71,"href":"https:\/\/cg.inf.elte.hu\/index.php\/wp-json\/wp\/v2\/pages\/326\/revisions"}],"predecessor-version":[{"id":2271,"href":"https:\/\/cg.inf.elte.hu\/index.php\/wp-json\/wp\/v2\/pages\/326\/revisions\/2271"}],"wp:attachment":[{"href":"https:\/\/cg.inf.elte.hu\/index.php\/wp-json\/wp\/v2\/media?parent=326"}],"curies":[{"name":"wp","href":"https:\/\/api.w.org\/{rel}","templated":true}]}}