{"id":310,"date":"2016-09-11T09:12:03","date_gmt":"2016-09-11T08:12:03","guid":{"rendered":"http:\/\/cgraf.inf.elte.hu\/?page_id=310"},"modified":"2018-05-17T11:07:27","modified_gmt":"2018-05-17T10:07:27","slug":"grafika-msc-eloadas-anyagok","status":"publish","type":"page","link":"https:\/\/cg.inf.elte.hu\/index.php\/grafika-msc-eloadas-anyagok\/","title":{"rendered":"Grafika MSc El\u0151ad\u00e1s anyagok"},"content":{"rendered":"<h1>2018 vizsga t\u00e9telsor:\u00a0<a href=\"https:\/\/docs.google.com\/document\/d\/18rqm81qCcT6jtu6p0wA2X77kjjHuhfaP3wLb4wfTdk8\/edit?usp=sharing\" target=\"_blank\">https:\/\/docs.google.com\/document\/d\/18rqm81qCcT6jtu6p0wA2X77kjjHuhfaP3wLb4wfTdk8\/edit?usp=sharing<\/a><\/h1>\n<hr \/>\n<h2>Bevezet\u00e9s<\/h2>\n<p><strong>Konzult\u00e1ci\u00f3s id\u0151pontok<\/strong> <a href=\"http:\/\/doodle.com\/poll\/icde748icdd4ec7s\">ITT<\/a>\u00a0(utols\u00f3 friss\u00edt\u00e9s: 2017.04.24.).<\/p>\n<p><a href=\"\/~msc_cg\/EA\/01\/BSc_EA_02.pdf\">Linalg alapok<\/a><br \/>\n<a href=\"\/~msc_cg\/EA\/01\/BSc_EA_03_print.pdf\">Transzform\u00e1ci\u00f3k<\/a><br \/>\n<a href=\"\/~msc_cg\/EA\/01\/EA02%20-%20Incremental.ppt\">Inkrement\u00e1lis k\u00e9pszint\u00e9zis<\/a><\/p>\n<p><a href=\"https:\/\/docs.google.com\/document\/d\/1Ztfb3W4jsEa7_l-nSl3MM_VN_-CxpLVbBUFyNlNohEc\/\">T\u00e9telsor<\/a><\/p>\n<h2>GPU<\/h2>\n<p><a href=\"\/~msc_cg\/EA\/02\/EA03%20-%20GPU.ppt\">A GPU<br \/>\n<\/a><a href=\"\/~msc_cg\/EA\/02\/MSc_EA_PipelineGPU.pdf\">Pipeline a GPU-n<br \/>\n<\/a><a href=\"\/~msc_cg\/EA\/02\/gpgpu_gpu_01.pdf\">GPU-k fel\u00e9p\u00edt\u00e9se<\/a><\/p>\n<h2>A f\u00e9ny<\/h2>\n<p><a href=\"\/~msc_cg\/EA\/03\/EA04%20-%20OpticalModel.ppt\">3D k\u00e9pszint\u00e9zis fizikai alapmodellje<br \/>\n<\/a><a href=\"\/~msc_cg\/EA\/03\/light.ppt\">A f\u00e9ny tulajdons\u00e1gai<\/a><\/p>\n<h2>Glob\u00e1lis Illumin\u00e1ci\u00f3<\/h2>\n<p><a href=\"\/~msc_cg\/EA\/04\/18_radiosity.pdf\">Radiozit\u00e1s<br \/>\n<\/a><a href=\"\/~msc_cg\/EA\/04\/bmeglobal.ppt\">Glob\u00e1lis Illumin\u00e1ci\u00f3<\/a><\/p>\n<h2>Lek\u00e9pez\u00e9sek<\/h2>\n<p><a href=\"\/~msc_cg\/EA\/05\/EA05%20-%20Mappings.ppt\">Diasor 1<\/a><br \/>\n<a href=\"\/~msc_cg\/EA\/05\/EA06%20-%20Normal%20mapping.ppt\">Diasor 2\u00a0<\/a><\/p>\n<h2>Vetett \u00e1rny\u00e9kok<\/h2>\n<p><a href=\"\/~msc_cg\/EA\/06\/EA07%20-%20Shadows.ppt\">Vetett \u00e1rny\u00e9kok<\/a><\/p>\n<h2>T\u00e9rbeli adatszerkezetek<\/h2>\n<p><a href=\"\/~msc_cg\/EA\/07\/EA09%20-%20PVS.ppt\">T\u00e9rbeli Adatszerkezetek<\/a><\/p>\n<h2>Anim\u00e1ci\u00f3, szimul\u00e1ci\u00f3<\/h2>\n<p><a href=\"\/~msc_cg\/EA\/08\/EA08%20-%20Animation.ppt\">Anim\u00e1ci\u00f3, szimul\u00e1ci\u00f3<br \/>\n<\/a><a href=\"\/~msc_cg\/EA\/09\/BSc_EA_10.pdf\">Diff. egyenletek<br \/>\n<\/a><a href=\"\/~msc_cg\/EA\/11\/slidesc.pdf\">R\u00e9szecske rendszerek<br \/>\n<\/a><a href=\"\/~msc_cg\/EA\/11\/slidesd.pdf\">Implicit m\u00f3dszerek<br \/>\n<\/a><a href=\"\/~msc_cg\/EA\/11\/slidesf.pdf\">Merev testek<br \/>\n<\/a><a href=\"\/~msc_cg\/EA\/11\/slidesf.pdf\">K\u00e9nyszerer\u0151k<br \/>\n<\/a><a href=\"\/~msc_cg\/EA\/11\/slidesh.pdf\">\u00dctk\u00f6z\u00e9sdetekt\u00e1l\u00e1s<\/a><\/p>\n<p><a href=\"\/~msc_cg\/EA\/12\/anim_slides.pdf\">A sz\u00f3rakoztat\u00f3iparban<\/a><\/p>\n<h2>Geometriai modellez\u00e9s<\/h2>\n<p><a href=\"https:\/\/cg.inf.elte.hu\/~msc_cg\/EA\/09\/BSc_EA_10.pdf\">Geometriai modellez\u00e9s<\/a><\/p>\n<h2>Volume rendering<\/h2>\n<p><a href=\"\/~msc_cg\/EA\/10\/RTVG01_Theory.pdf\">Alapok<br \/>\n<\/a><a href=\"\/~msc_cg\/EA\/10\/RTVG03_VolumeRendering.pdf\">Volume rendering<br \/>\n<\/a><a href=\"\/~msc_cg\/EA\/10\/RTVG04_GPU_Raycasting.pdf\">Raycasting<br \/>\n<\/a><a href=\"\/~msc_cg\/EA\/10\/RTVG05_TransferFunctions.pdf\">Transfer functions<br \/>\n<\/a><a href=\"\/~msc_cg\/EA\/10\/RTVG06_LocalIllumination.pdf\">Lok\u00e1lis illumin\u00e1ci\u00f3<br \/>\n<\/a><a href=\"\/~msc_cg\/EA\/10\/RTVG07_GlobalIllumination.pdf\">Glob\u00e1lis illumin\u00e1ci\u00f3<br \/>\n<\/a><a href=\"\/~msc_cg\/EA\/10\/RTVG11_Games.pdf\">A j\u00e1t\u00e9kiparban<\/a><\/p>\n","protected":false},"excerpt":{"rendered":"<p>2018 vizsga t\u00e9telsor:\u00a0https:\/\/docs.google.com\/document\/d\/18rqm81qCcT6jtu6p0wA2X77kjjHuhfaP3wLb4wfTdk8\/edit?usp=sharing Bevezet\u00e9s Konzult\u00e1ci\u00f3s id\u0151pontok ITT\u00a0(utols\u00f3 friss\u00edt\u00e9s: 2017.04.24.). Linalg alapok Transzform\u00e1ci\u00f3k Inkrement\u00e1lis k\u00e9pszint\u00e9zis T\u00e9telsor GPU A GPU Pipeline a GPU-n GPU-k fel\u00e9p\u00edt\u00e9se A f\u00e9ny 3D k\u00e9pszint\u00e9zis fizikai alapmodellje A f\u00e9ny tulajdons\u00e1gai Glob\u00e1lis Illumin\u00e1ci\u00f3 Radiozit\u00e1s&#8230;<\/p>\n","protected":false},"author":3,"featured_media":0,"parent":0,"menu_order":0,"comment_status":"closed","ping_status":"closed","template":"","meta":{"inline_featured_image":false,"footnotes":""},"class_list":["post-310","page","type-page","status-publish","hentry"],"_links":{"self":[{"href":"https:\/\/cg.inf.elte.hu\/index.php\/wp-json\/wp\/v2\/pages\/310","targetHints":{"allow":["GET"]}}],"collection":[{"href":"https:\/\/cg.inf.elte.hu\/index.php\/wp-json\/wp\/v2\/pages"}],"about":[{"href":"https:\/\/cg.inf.elte.hu\/index.php\/wp-json\/wp\/v2\/types\/page"}],"author":[{"embeddable":true,"href":"https:\/\/cg.inf.elte.hu\/index.php\/wp-json\/wp\/v2\/users\/3"}],"replies":[{"embeddable":true,"href":"https:\/\/cg.inf.elte.hu\/index.php\/wp-json\/wp\/v2\/comments?post=310"}],"version-history":[{"count":13,"href":"https:\/\/cg.inf.elte.hu\/index.php\/wp-json\/wp\/v2\/pages\/310\/revisions"}],"predecessor-version":[{"id":971,"href":"https:\/\/cg.inf.elte.hu\/index.php\/wp-json\/wp\/v2\/pages\/310\/revisions\/971"}],"wp:attachment":[{"href":"https:\/\/cg.inf.elte.hu\/index.php\/wp-json\/wp\/v2\/media?parent=310"}],"curies":[{"name":"wp","href":"https:\/\/api.w.org\/{rel}","templated":true}]}}