{"id":2426,"date":"2025-02-21T02:10:34","date_gmt":"2025-02-21T01:10:34","guid":{"rendered":"https:\/\/cg.inf.elte.hu\/?page_id=2426"},"modified":"2025-09-30T12:02:51","modified_gmt":"2025-09-30T11:02:51","slug":"grafika-gyakorlat-anyagok","status":"publish","type":"page","link":"https:\/\/cg.inf.elte.hu\/index.php\/grafika-gyakorlat-anyagok\/","title":{"rendered":"Grafika Gyakorlat anyagok"},"content":{"rendered":"\n<figure class=\"wp-block-table is-style-regular\"><table><tbody><tr><td><strong>Projekt<\/strong><\/td><td><strong>Let\u00f6lt\u00e9s<\/strong><\/td><td><strong>Seg\u00e9dlet<\/strong><\/td><\/tr><tr><td>CPP_Crash_Course<\/td><td><a href=\"https:\/\/cg.inf.elte.hu\/wp-content\/uploads\/2025\/09\/01_CPP_Crash_Course.zip\">.zip<\/a><\/td><td><a href=\"https:\/\/cg.inf.elte.hu\/wp-content\/uploads\/2025\/09\/cpp.pdf\">cpp.pdf<\/a><\/td><\/tr><tr><td>HelloSDL<\/td><td><a href=\"https:\/\/cg.inf.elte.hu\/wp-content\/uploads\/2025\/09\/02_HelloSDL.zip\">.zip<\/a><\/td><td><a href=\"https:\/\/docs.google.com\/document\/d\/1_RdSuQng445FH3WTzXtsdqaEUFiBdXqsi3ZvxQiCvbo\/edit?usp=sharing\" target=\"_blank\" rel=\"noreferrer noopener\">SDL<\/a><\/td><\/tr><tr><td>SDLEvents<\/td><td><a href=\"https:\/\/cg.inf.elte.hu\/wp-content\/uploads\/2025\/09\/03_SDLEvents.zip\" data-type=\"link\" data-id=\"https:\/\/cg.inf.elte.hu\/wp-content\/uploads\/2025\/09\/03_SDLEvents.zip\">.zip<\/a><\/td><td><a href=\"https:\/\/docs.google.com\/document\/d\/1TSXgwiO9aWl2_Wy1IP6pDkDuU4w6g6DTxn_tSOpZ3Fc\/edit?usp=sharing\" target=\"_blank\" rel=\"noreferrer noopener\">SDL Events<\/a><\/td><\/tr><tr><td>HelloImGui<\/td><td><a href=\"https:\/\/cg.inf.elte.hu\/wp-content\/uploads\/2025\/09\/04_HelloImGUI.zip\">.zip<\/a><\/td><td><a href=\"https:\/\/docs.google.com\/document\/d\/1mAslcj_nE11WUA3wvNQt8l9foCY8h7ClPozYThOznHs\/edit?usp=sharing\" target=\"_blank\" rel=\"noreferrer noopener\">CMyApp<\/a><br><a href=\"https:\/\/docs.google.com\/document\/d\/12GolVBSUW1DZWWXjAGt5zlP6PZAYcJt8zZAmTyL7m_s\/edit?usp=sharing\" target=\"_blank\" rel=\"noreferrer noopener\">OpenGL intro<\/a><br><a href=\"https:\/\/docs.google.com\/document\/d\/1KA9ipdI-AocJeupPpeDuJOKrQpZc0oSprWFppzcjowA\/edit?usp=sharing\" target=\"_blank\" rel=\"noreferrer noopener\">ImGui intro<\/a><\/td><\/tr><tr><td>Shaders<\/td><td><\/td><td><a href=\"https:\/\/docs.google.com\/document\/d\/1M4rpTa1B2PDwFR8PPzlAY2aQV6G_YL20PVA-ATdGUlQ\/edit?usp=sharing\">Shaders<\/a><\/td><\/tr><tr><td>VAO, VBO, IBO<\/td><td><\/td><td><a href=\"https:\/\/docs.google.com\/document\/d\/1_5sm2tk479iBuqeeTKGywxAjqGICSUV8ATSCyNXiVKo\/edit?usp=sharing\">VAO, VBO<\/a><br><a href=\"https:\/\/docs.google.com\/document\/d\/1DabQb5kfb6Tu-9xavkSc8fWHTG_IW8NxqB6TLTTnteU\/edit?usp=sharing\">IBO<\/a><\/td><\/tr><\/tbody><\/table><\/figure>\n\n\n\n<p><\/p>\n","protected":false},"excerpt":{"rendered":"<p>Projekt Let\u00f6lt\u00e9s Seg\u00e9dlet CPP_Crash_Course .zip cpp.pdf HelloSDL .zip SDL SDLEvents .zip SDL Events HelloImGui .zip CMyAppOpenGL introImGui intro Shaders Shaders VAO, VBO, IBO VAO, VBOIBO<\/p>\n","protected":false},"author":1005,"featured_media":0,"parent":0,"menu_order":0,"comment_status":"closed","ping_status":"closed","template":"","meta":{"inline_featured_image":false,"footnotes":""},"class_list":["post-2426","page","type-page","status-publish","hentry"],"_links":{"self":[{"href":"https:\/\/cg.inf.elte.hu\/index.php\/wp-json\/wp\/v2\/pages\/2426","targetHints":{"allow":["GET"]}}],"collection":[{"href":"https:\/\/cg.inf.elte.hu\/index.php\/wp-json\/wp\/v2\/pages"}],"about":[{"href":"https:\/\/cg.inf.elte.hu\/index.php\/wp-json\/wp\/v2\/types\/page"}],"author":[{"embeddable":true,"href":"https:\/\/cg.inf.elte.hu\/index.php\/wp-json\/wp\/v2\/users\/1005"}],"replies":[{"embeddable":true,"href":"https:\/\/cg.inf.elte.hu\/index.php\/wp-json\/wp\/v2\/comments?post=2426"}],"version-history":[{"count":10,"href":"https:\/\/cg.inf.elte.hu\/index.php\/wp-json\/wp\/v2\/pages\/2426\/revisions"}],"predecessor-version":[{"id":2475,"href":"https:\/\/cg.inf.elte.hu\/index.php\/wp-json\/wp\/v2\/pages\/2426\/revisions\/2475"}],"wp:attachment":[{"href":"https:\/\/cg.inf.elte.hu\/index.php\/wp-json\/wp\/v2\/media?parent=2426"}],"curies":[{"name":"wp","href":"https:\/\/api.w.org\/{rel}","templated":true}]}}