{"id":2418,"date":"2025-02-08T22:18:16","date_gmt":"2025-02-08T21:18:16","guid":{"rendered":"https:\/\/cg.inf.elte.hu\/?page_id=2418"},"modified":"2025-02-08T22:18:16","modified_gmt":"2025-02-08T21:18:16","slug":"kozephalado-szamitogepes-grafika-gy-kovetelmenyek","status":"publish","type":"page","link":"https:\/\/cg.inf.elte.hu\/index.php\/kozephalado-szamitogepes-grafika-gy-kovetelmenyek\/","title":{"rendered":"K\u00f6z\u00e9phalad\u00f3 Sz\u00e1m\u00edt\u00f3g\u00e9pes Grafika GY k\u00f6vetelm\u00e9nyek"},"content":{"rendered":"\n<p>A gyakorlatokon k\u00f6telez\u0151 a r\u00e9szv\u00e9tel, <strong>legfeljebb 3 hi\u00e1nyz\u00e1s<\/strong> megengedett.<\/p>\n\n\n\n<p>El\u0151felt\u00e9tel a <strong>Sz\u00e1m\u00edt\u00f3g\u00e9pes Grafika gyakorlat<\/strong> teljes\u00edt\u00e9se.<\/p>\n\n\n\n<p>A kurzus sikeres teljes\u00edt\u00e9s\u00e9hez elengedhetetlen ismeretek: C++, OpenGL, GLSL, line\u00e1ris algebra.<\/p>\n\n\n\n<h2 class=\"wp-block-heading\">Jegyszerz\u00e9s<\/h2>\n\n\n\n<p><strong>Nagybeadand\u00f3 <\/strong>a f\u00e9l\u00e9v v\u00e9g\u00e9n (bemutat\u00e1s vizsgaid\u0151szak k\u00f6zep\u00e9n). T\u00f6bb feladat k\u00f6z\u00fcl lehet v\u00e1lasztani, mindegyik feladat egy k\u00f6telez\u0151en teljes\u00edtend\u0151 r\u00e9szb\u0151l \u00e9s opcion\u00e1lis feladatokb\u00f3l \u00e1ll.<\/p>\n\n\n\n<p>A szorgalmi id\u0151szak sor\u00e1n gy\u0171jthet\u0151k pontok:<\/p>\n\n\n\n<ul class=\"wp-block-list\"><li><strong>Opcion\u00e1lis Shadertoy beadand\u00f3<\/strong>: max. 20 pont<\/li><li><strong>\u00d3rai munka<\/strong>: max. 15 pont (a maximumn\u00e1l t\u00f6bb lehet\u0151s\u00e9g lesz a pontszerz\u00e9sre)<\/li><\/ul>\n\n\n\n<p>A nagybeadand\u00f3n ak\u00e1r t\u00f6bb mint 100 pont szerezhet\u0151, ehhez ad\u00f3dnak hozz\u00e1 a szorgalmi id\u0151szakban szerzett pontok. <\/p>\n\n\n\n<h2 class=\"wp-block-heading\">Ponthat\u00e1rok<\/h2>\n\n\n\n<figure class=\"wp-block-table\"><table><tbody><tr><td>90+<\/td><td>jeles<\/td><\/tr><tr><td>75-89<\/td><td>j\u00f3<\/td><\/tr><tr><td>65-74<\/td><td>k\u00f6zepes<\/td><\/tr><tr><td>50-64<\/td><td>el\u00e9gs\u00e9ges<\/td><\/tr><\/tbody><\/table><\/figure>\n\n\n\n<h2 class=\"wp-block-heading\">Tematika<\/h2>\n\n\n\n<p>A gyakorlatok tervezett \u00fctemez\u00e9se:<\/p>\n\n\n\n<figure class=\"wp-block-table\"><table><tbody><tr><td><strong>\u00d3ra<\/strong><\/td><td><strong>T\u00e9ma<\/strong><\/td><\/tr><tr><td>1-4.<\/td><td>Shadertoy<\/td><\/tr><tr><td>5.<\/td><td>Parametrikus fel\u00fcletek<\/td><\/tr><tr><td>6.<\/td><td>Skybox + Renderdoc<\/td><\/tr><tr><td>7-8.<\/td><td>AquaticApe (transparency)<\/td><\/tr><tr><td>9.<\/td><td>FBO<\/td><\/tr><tr><td>10.<\/td><td>Shadow Maps<\/td><\/tr><tr><td>11.<\/td><td>Deferred shading<\/td><\/tr><tr><td>12.<\/td><td>Compute shader (Indirect rendering)<\/td><\/tr><\/tbody><\/table><\/figure>\n\n\n\n<p><\/p>\n","protected":false},"excerpt":{"rendered":"<p>A gyakorlatokon k\u00f6telez\u0151 a r\u00e9szv\u00e9tel, legfeljebb 3 hi\u00e1nyz\u00e1s megengedett. El\u0151felt\u00e9tel a Sz\u00e1m\u00edt\u00f3g\u00e9pes Grafika gyakorlat teljes\u00edt\u00e9se. A kurzus sikeres teljes\u00edt\u00e9s\u00e9hez elengedhetetlen ismeretek: C++, OpenGL, GLSL, line\u00e1ris algebra. Jegyszerz\u00e9s Nagybeadand\u00f3 a f\u00e9l\u00e9v v\u00e9g\u00e9n (bemutat\u00e1s vizsgaid\u0151szak k\u00f6zep\u00e9n). T\u00f6bb&#8230;<\/p>\n","protected":false},"author":1005,"featured_media":0,"parent":0,"menu_order":0,"comment_status":"closed","ping_status":"closed","template":"","meta":{"inline_featured_image":false,"footnotes":""},"class_list":["post-2418","page","type-page","status-publish","hentry"],"_links":{"self":[{"href":"https:\/\/cg.inf.elte.hu\/index.php\/wp-json\/wp\/v2\/pages\/2418","targetHints":{"allow":["GET"]}}],"collection":[{"href":"https:\/\/cg.inf.elte.hu\/index.php\/wp-json\/wp\/v2\/pages"}],"about":[{"href":"https:\/\/cg.inf.elte.hu\/index.php\/wp-json\/wp\/v2\/types\/page"}],"author":[{"embeddable":true,"href":"https:\/\/cg.inf.elte.hu\/index.php\/wp-json\/wp\/v2\/users\/1005"}],"replies":[{"embeddable":true,"href":"https:\/\/cg.inf.elte.hu\/index.php\/wp-json\/wp\/v2\/comments?post=2418"}],"version-history":[{"count":1,"href":"https:\/\/cg.inf.elte.hu\/index.php\/wp-json\/wp\/v2\/pages\/2418\/revisions"}],"predecessor-version":[{"id":2419,"href":"https:\/\/cg.inf.elte.hu\/index.php\/wp-json\/wp\/v2\/pages\/2418\/revisions\/2419"}],"wp:attachment":[{"href":"https:\/\/cg.inf.elte.hu\/index.php\/wp-json\/wp\/v2\/media?parent=2418"}],"curies":[{"name":"wp","href":"https:\/\/api.w.org\/{rel}","templated":true}]}}