{"id":2412,"date":"2025-02-08T21:50:36","date_gmt":"2025-02-08T20:50:36","guid":{"rendered":"https:\/\/cg.inf.elte.hu\/?page_id=2412"},"modified":"2025-02-08T21:56:42","modified_gmt":"2025-02-08T20:56:42","slug":"szamitogepes-grafika-kovetelmenyek-2025","status":"publish","type":"page","link":"https:\/\/cg.inf.elte.hu\/index.php\/szamitogepes-grafika-kovetelmenyek-2025\/","title":{"rendered":"Sz\u00e1m\u00edt\u00f3g\u00e9pes Grafika GY k\u00f6vetelm\u00e9nyek"},"content":{"rendered":"\n<p>A gyakorlatokon k\u00f6telez\u0151 a r\u00e9szv\u00e9tel, <strong>legfeljebb 3 hi\u00e1nyz\u00e1s<\/strong> megengedett.<\/p>\n\n\n\n<p>El\u0151felt\u00e9telk\u00e9nt elv\u00e1rt k\u00f6z\u00e9piskol\u00e1s matematika tud\u00e1s valamint <strong>line\u00e1ris algebra<\/strong> alapszint\u0171 ismerete.<\/p>\n\n\n\n<p>A gyakorlaton <strong>C++ nyelven<\/strong> programozunk, ennek ismerete nem el\u0151felt\u00e9tel, azonban a nyelv alapszint\u0171 elsaj\u00e1t\u00edt\u00e1sa a kurzus sikeres teljes\u00edt\u00e9s\u00e9hez elengedhetetlen. Ennek el\u0151seg\u00edt\u00e9s\u00e9re az els\u0151 gyakorlaton els\u0151sorban a C++ nyelvvel ismerked\u00fcnk, de tov\u00e1bbi \u00f6n\u00e1ll\u00f3 gyakorl\u00e1sra mindenk\u00e9pp sz\u00fcks\u00e9g van!<\/p>\n\n\n\n<h2 class=\"wp-block-heading\">Jegyszerz\u00e9s<\/h2>\n\n\n\n<p>3 \u00f3r\u00e1s <strong>g\u00e9ptermi z\u00e1rthelyi<\/strong> a f\u00e9l\u00e9v v\u00e9g\u00e9n.<\/p>\n\n\n\n<p>A szorgalmi id\u0151szak sor\u00e1n gy\u0171jthet\u0151k pontok:<\/p>\n\n\n\n<ul class=\"wp-block-list\"><li><strong>Kisbeadand\u00f3<\/strong>: max. 8 pont (ha nincs beadva -10 pont!)<\/li><li>\u00d3rai munka\/szorgalmi feladatok: max. 10 pont (a maximumn\u00e1l t\u00f6bb lehet\u0151s\u00e9g lesz a pontszerz\u00e9sre)<\/li><\/ul>\n\n\n\n<p>A z\u00e1rthelyin kb. 100 pont szerezhet\u0151, ehhez ad\u00f3dnak hozz\u00e1 a szorgalmi id\u0151szakban szerzett pontok. Egy ut\u00f3vizsga lehet\u0151s\u00e9g van. Ha valaki bukik a z\u00e1rthelyin, a pontjai fel\u00e9nek als\u00f3 eg\u00e9sz r\u00e9sz\u00e9t viszi tov\u00e1bb.<\/p>\n\n\n\n<h2 class=\"wp-block-heading\">Ponthat\u00e1rok<\/h2>\n\n\n\n<figure class=\"wp-block-table\"><table><tbody><tr><td>85+<\/td><td>jeles<\/td><\/tr><tr><td>70\u201384<\/td><td>j\u00f3<\/td><\/tr><tr><td>50\u201369<\/td><td>k\u00f6zepes<\/td><\/tr><tr><td>45-49<\/td><td>el\u00e9gs\u00e9ges<\/td><\/tr><\/tbody><\/table><\/figure>\n\n\n\n<h2 class=\"wp-block-heading\">Tematika<\/h2>\n\n\n\n<p>A gyakorlatok tervezett \u00fctemez\u00e9se:<\/p>\n\n\n\n<figure class=\"wp-block-table\"><table><tbody><tr><td><strong>\u00d3ra<\/strong><\/td><td><strong>T\u00e9ma<\/strong><\/td><\/tr><tr><td>1.<\/td><td>C++, Visual Studio<\/td><\/tr><tr><td>2.<\/td><td>SDL alapok, egyszer\u0171 rajzol\u00e1s, esem\u00e9nykezel\u00e9s<\/td><\/tr><tr><td>3.<\/td><td>Esem\u00e9nykezel\u00e9s, OpenGL, GUI<\/td><\/tr><tr><td>4-5.<\/td><td>Shader-ek, GPU-val rajzol\u00e1s<\/td><\/tr><tr><td>6.<\/td><td>Bufferkezel\u00e9s (VAO, VBO, IBO), 2D geometri\u00e1k<\/td><\/tr><tr><td>7.<\/td><td>Kamerakezel\u00e9s, 3D geometri\u00e1k<\/td><\/tr><tr><td>8.<\/td><td>3D geometri\u00e1k, transzform\u00e1ci\u00f3k<\/td><\/tr><tr><td>9.<\/td><td>Text\u00far\u00e1z\u00e1s<\/td><\/tr><tr><td>10.<\/td><td>\u00c1rnyal\u00e1s, megvil\u00e1g\u00edt\u00e1s<\/td><\/tr><tr><td>11.<\/td><td>Picking<\/td><\/tr><tr><td>12-13.<\/td><td>ZH Gyakorl\u00e1s<\/td><\/tr><\/tbody><\/table><\/figure>\n\n\n\n<p><\/p>\n","protected":false},"excerpt":{"rendered":"<p>A gyakorlatokon k\u00f6telez\u0151 a r\u00e9szv\u00e9tel, legfeljebb 3 hi\u00e1nyz\u00e1s megengedett. El\u0151felt\u00e9telk\u00e9nt elv\u00e1rt k\u00f6z\u00e9piskol\u00e1s matematika tud\u00e1s valamint line\u00e1ris algebra alapszint\u0171 ismerete. A gyakorlaton C++ nyelven programozunk, ennek ismerete nem el\u0151felt\u00e9tel, azonban a nyelv alapszint\u0171 elsaj\u00e1t\u00edt\u00e1sa a kurzus&#8230;<\/p>\n","protected":false},"author":1005,"featured_media":0,"parent":0,"menu_order":0,"comment_status":"closed","ping_status":"closed","template":"","meta":{"inline_featured_image":false,"footnotes":""},"class_list":["post-2412","page","type-page","status-publish","hentry"],"_links":{"self":[{"href":"https:\/\/cg.inf.elte.hu\/index.php\/wp-json\/wp\/v2\/pages\/2412","targetHints":{"allow":["GET"]}}],"collection":[{"href":"https:\/\/cg.inf.elte.hu\/index.php\/wp-json\/wp\/v2\/pages"}],"about":[{"href":"https:\/\/cg.inf.elte.hu\/index.php\/wp-json\/wp\/v2\/types\/page"}],"author":[{"embeddable":true,"href":"https:\/\/cg.inf.elte.hu\/index.php\/wp-json\/wp\/v2\/users\/1005"}],"replies":[{"embeddable":true,"href":"https:\/\/cg.inf.elte.hu\/index.php\/wp-json\/wp\/v2\/comments?post=2412"}],"version-history":[{"count":3,"href":"https:\/\/cg.inf.elte.hu\/index.php\/wp-json\/wp\/v2\/pages\/2412\/revisions"}],"predecessor-version":[{"id":2417,"href":"https:\/\/cg.inf.elte.hu\/index.php\/wp-json\/wp\/v2\/pages\/2412\/revisions\/2417"}],"wp:attachment":[{"href":"https:\/\/cg.inf.elte.hu\/index.php\/wp-json\/wp\/v2\/media?parent=2412"}],"curies":[{"name":"wp","href":"https:\/\/api.w.org\/{rel}","templated":true}]}}