{"id":1839,"date":"2022-02-07T13:06:36","date_gmt":"2022-02-07T12:06:36","guid":{"rendered":"https:\/\/cg.inf.elte.hu\/?page_id=1839"},"modified":"2024-05-17T16:24:48","modified_gmt":"2024-05-17T15:24:48","slug":"haromdimenzios-szamitogepes-latas","status":"publish","type":"page","link":"https:\/\/cg.inf.elte.hu\/index.php\/haromdimenzios-szamitogepes-latas\/","title":{"rendered":"H\u00e1romdimenzi\u00f3s Sz\u00e1m\u00edt\u00f3g\u00e9pes L\u00e1t\u00e1s"},"content":{"rendered":"\n<p><\/p>\n\n\n\n<h2 class=\"wp-block-heading\">\u00d3r\u00e1k a 2023\/24. tavaszi f\u00e9l\u00e9vben:<\/h2>\n\n\n\n<ul class=\"wp-block-list\"><li>El?ad\u00e1s: keddenk\u00e9nt 17.45-19.15 &nbsp; <s>0.311 K?nig-terem<\/s> 2.219 Grafika labor<\/li><li>Gyakorlat: keddenk\u00e9nt 19.30-21.00&nbsp;Grafika-labor (2-219)<ul><li>Els? \u00f3ra kiv\u00e9telesen (fakultat\u00edv): m\u00e1rcius 23. 10.00 ELTE D\u00e9li \u00e9p\u00fclet, Duna fel\u00f6li bej\u00e1rat el?tt a parkol\u00f3ban. (Id?pontv\u00e1ltoz\u00e1s lehets\u00e9ges!)<\/li><\/ul><\/li><\/ul>\n\n\n\n<p><\/p>\n\n\n\n<p>Teams csoporthoz legk\u00e9s?bb a m\u00e1sodik h\u00e9ten mindenki kap megh\u00edv\u00f3t, akinek gondja van, a <a>hajder@inf.elte.hu<\/a> c\u00edmen legyen sz\u00edves jelezni!<\/p>\n\n\n\n<p>A t\u00e1rgy oktat\u00f3i:<\/p>\n\n\n\n<ul class=\"wp-block-list\"><li><a href=\"https:\/\/cg.inf.elte.hu\/~tofi\/\" target=\"_blank\" rel=\"noreferrer noopener\">T\u00f3falvi Tam\u00e1s<\/a><\/li><li><a href=\"mailto:hajder@inf.elte.hu\">Hajder Levente<\/a><\/li><\/ul>\n\n\n\n<p><\/p>\n\n\n\n<h2 class=\"wp-block-heading\">El?ad\u00e1sok f\u00f3li\u00e1i<\/h2>\n\n\n\n<ul class=\"wp-block-list\"><li><a href=\"https:\/\/cg.inf.elte.hu\/~hajder\/latas\/lec01_camera.pdf\">1. diasor<\/a><\/li><li><a href=\"\/~latas\/PDFs\/lec02_stereo.pdf\">2. diasor<\/a><\/li><li><a href=\"\/~latas\/PDFs\/lec05_multicamera.pdf\">3. diasor<\/a><\/li><li><a href=\"\/~latas\/PDFs\/lec06_hardverek.pdf\">4. diasor<\/a><\/li><\/ul>\n\n\n\n<h2 class=\"wp-block-heading\">A f\u00e9l\u00e9v menetrendje (2024):<\/h2>\n\n\n\n<figure class=\"wp-block-table is-style-stripes\"><table><tbody><tr><td>H\u00e9t<\/td><td>El?ad\u00e1s<\/td><td><\/td><td>Gyakorlat<\/td><\/tr><tr><td>1. (Febr. 13.)<\/td><td>Bevezet\u00e9s<\/td><td><\/td><td><\/td><\/tr><tr><td>2. (Febr. 20.)<\/td><td><a href=\"https:\/\/cg.inf.elte.hu\/~hajder\/latas\/lec01_camera.pdf\">Kameramodellek<\/a><\/td><td><\/td><td><a href=\"https:\/\/cg.inf.elte.hu\/~tofi\/opencv_intro.zip\" target=\"_blank\" rel=\"noreferrer noopener\">GUI for OpenCV<\/a><br><\/td><\/tr><tr><td>3.  (Febr 27.)<\/td><td><a href=\"https:\/\/cg.inf.elte.hu\/~latas\/jegyzet\/matek\/matrixmuveletek\/matrixmuveletek.pdf\">Gradiensek<\/a>, <a href=\"https:\/\/cg.inf.elte.hu\/~latas\/jegyzet\/matek\/lin_eq_opt\/lin_eq_null_opt.pdf\">inhomog\u00e9n t\u00falhat\u00e1rozott line\u00e1ris egyenletrendszerek.<\/a><\/td><td><\/td><td><a href=\"https:\/\/cg.inf.elte.hu\/~tofi\/AffineTransformations.zip\" target=\"_blank\" rel=\"noreferrer noopener\">Affin transzform\u00e1ci\u00f3k<\/a><br>ELTECar and ELTEKart<\/td><\/tr><tr><td>4. (M\u00e1rc. 5.)<\/td><td><a href=\"http:\/\/cg.inf.elte.hu\/~sensing\/Levi_materials\/CircleEllipseFitting.pdf\">K\u00f6rilleszt\u00e9s<\/a>. <a href=\"https:\/\/cg.inf.elte.hu\/~latas\/jegyzet\/matek\/lagrange\/lagrange.pdf\">Lagrange multiplik\u00e1toros optimaliz\u00e1l\u00e1s<\/a>; <a href=\"https:\/\/cg.inf.elte.hu\/~latas\/jegyzet\/matek\/lin_eq_opt\/lin_eq_null_opt.pdf\">homog\u00e9n t\u00falhat\u00e1rozott line\u00e1ris egyenletrendszerek<\/a><br><\/td><td><\/td><td><a href=\"https:\/\/cg.inf.elte.hu\/~tofi\/PointVisualization_complete.zip\">Pontfelh? vizualiz\u00e1ci\u00f3<\/a><\/td><\/tr><tr><td>5. (M\u00e1rc 12.)<\/td><td><a href=\"https:\/\/cg.inf.elte.hu\/~hajder\/vision\/RANSAC_Tekla.pdf\">RANSAC<\/a><\/td><td><\/td><td><a href=\"https:\/\/cg.inf.elte.hu\/~tofi\/RANSAC_complete.zip\">Egyenes illeszt\u00e9se RANSAC-kal<\/a><\/td><\/tr><tr><td>6. (M\u00e1rc 19.)<\/td><td><a href=\"https:\/\/cg.inf.elte.hu\/~latas\/jegyzet\/matek\/svd\/svd.pdf\">F?komponens anal\u00edzis, SVD<\/a>. <a href=\"https:\/\/cg.inf.elte.hu\/~hajder\/latas\/lec01_camera.pdf\">Visszavet\u00edt\u00e9s (sug\u00e1rvet\u00e9s), homogr\u00e1fi\u00e1k alkalmaz\u00e1sa.<\/a><\/td><td><\/td><td><a href=\"https:\/\/cg.inf.elte.hu\/~tofi\/RANSAC_Multi.zip\">Multi-modell illeszt\u00e9s<\/a><\/td><\/tr><tr><td>7. (M\u00e1rc 26.)<\/td><td><a href=\"https:\/\/cg.inf.elte.hu\/~hajder\/latas\/lec01_camera.pdf\">Homogr\u00e1fia becsl\u00e9se, projekci\u00f3s m\u00e1trix becsl\u00e9se.<\/a> <a href=\"\/~latas\/jegyzet\/matek\/qr\/qr.pdf\">QR-dekompoz\u00edci\u00f3<\/a><\/td><td><\/td><td><a href=\"https:\/\/cg.inf.elte.hu\/~tofi\/Homography.zip\">Homogr\u00e1fia becsl\u00e9s<\/a><\/td><\/tr><tr><td>8. (\u00c1pr 9.)<\/td><td><a href=\"https:\/\/cg.inf.elte.hu\/~hajder\/latas\/lec01_camera.pdf\">Kamera kalibr\u00e1ci\u00f3<\/a><\/td><td><\/td><td>Beadand\u00f3 bemutat\u00e1s<\/td><\/tr><tr><td>9. (\u00c1pr 16.)<\/td><td><a href=\"\/~latas\/PDFs\/lec02_stereo.pdf\">Sztere\u00f3 l\u00e1t\u00e1s alapjai<\/a><\/td><td><\/td><td><a href=\"https:\/\/cg.inf.elte.hu\/~tofi\/CameraCalibration_full.zip\">Kamera kalibr\u00e1ci\u00f3<\/a><\/td><\/tr><tr><td>10. (\u00c1pr 23.)<\/td><td><a href=\"https:\/\/cg.inf.elte.hu\/~latas\/PDFs\/lec02_stereo.pdf\">Sztere\u00f3 l\u00e1t\u00e1s: triangul\u00e1ci\u00f3, esszenci\u00e1lis m\u00e1trix felbont\u00e1sa<\/a><br><\/td><td><\/td><td><a href=\"https:\/\/cg.inf.elte.hu\/~hajder\/vision\/practice\/ObjectDetectionLIDAR\/\">G\u00f6mb- \u00e9s hengerilleszt\u00e9s <\/a><\/td><\/tr><tr><td>11. (\u00c1pr 30.)<\/td><td><a href=\"https:\/\/cg.inf.elte.hu\/~latas\/PDFs\/lec02_stereo.pdf\">Sztere\u00f3 l\u00e1t\u00e1s: s\u00edkban mozg\u00e1s<\/a>. <a href=\"https:\/\/cg.inf.elte.hu\/~latas\/PDFs\/lec05_multicamera.pdf\">Tomasi-Kanade faktoriz\u00e1ci\u00f3<\/a><\/td><td><\/td><td><a href=\"https:\/\/cg.inf.elte.hu\/~tofi\/StereoTriangulation_start.zip\">Sztere\u00f3 rekonstrukci\u00f3<\/a><\/td><\/tr><tr><td>12. (M\u00e1j. 7.)<\/td><td><a href=\"https:\/\/cg.inf.elte.hu\/~latas\/PDFs\/lec05_multicamera.pdf\">Tomasi-Kanade faktoriz\u00e1ci\u00f3. T\u00f6bbk\u00e9pes perspekt\u00edv rekonstrukci\u00f3<\/a><\/td><td><\/td><td><a href=\"https:\/\/cg.inf.elte.hu\/~hajder\/vision\/practice\/TomasiKanade\/\">Tomasi-Kanade faktoriz\u00e1ci\u00f3<\/a><\/td><\/tr><tr><td><\/td><td><a href=\"\/~latas\/jegyzet\/regisztracio\/regisztracio.pdf\">Pontregisztr\u00e1ci\u00f3<\/a><\/td><td><\/td><td><a href=\"https:\/\/cg.inf.elte.hu\/~hajder\/vision\/practice\/Registration\/\">Pontregisztr\u00e1ci\u00f3<\/a><\/td><\/tr><\/tbody><\/table><\/figure>\n\n\n\n<h2 class=\"wp-block-heading\">Vizsgaalkalmak<\/h2>\n\n\n\n<ul class=\"wp-block-list\"><li>2024. m\u00e1jus 21. 10.00 (0.825 Farkas Gyula terem)<\/li><li>2024. j\u00fanius 4. 10.00 (0.825 Farkas Gyula terem)<\/li><li>2024. j\u00fanius 18. 10.00 (0.825 Farkas Gyula terem)<\/li><li>2024. j\u00fanius 25. 10.00 (0.825 Farkas Gyula terem)<\/li><li>2024. j\u00falius 2. 15.00 (0.825 Farkas Gyula terem)<\/li><\/ul>\n\n\n\n<p><\/p>\n\n\n\n<h2 class=\"wp-block-heading\">Beadand\u00f3k v\u00e9d\u00e9se  (online)<\/h2>\n\n\n\n<ul class=\"wp-block-list\"><li>2024. m\u00e1jus 17. 14.00<\/li><li>2024. j\u00fanius 3. 14.00<\/li><li>2024. j\u00fanius 17. 14.00<\/li><li>2024. j\u00fanius 24. 14.00<\/li><li>2024. j\u00falius 1. 15.00<\/li><\/ul>\n\n\n\n<p><\/p>\n\n\n\n<p>2024. m\u00e1jus 17. 14.00 (Teams)<\/p>\n\n\n\n<p>2024. m\u00e1jus 17. 14.00 (Teams)<\/p>\n\n\n\n<h2 class=\"wp-block-heading\">Vizsga teljes\u00edt\u00e9s\u00e9hez sz\u00fcks\u00e9ges \u00edr\u00e1sos anyagok<\/h2>\n\n\n\n<ul class=\"wp-block-list\"><li><a href=\"\/~latas\/jegyzet\/matek\/qr\/qr.pdf\">QR dekompoz\u00edci\u00f3<\/a><\/li><li><a href=\"\/~latas\/jegyzet\/regisztracio\/regisztracio.pdf\">3d-s ponthalmazok regisztr\u00e1ci\u00f3ja<\/a><\/li><\/ul>\n\n\n\n<h2 class=\"wp-block-heading\">Gyakorlatok anyagai<\/h2>\n\n\n\n<ul class=\"wp-block-list\"><li><a href=\"https:\/\/cg.inf.elte.hu\/~hajder\/vision\/practice\/GY01\/\">Grafikus fel\u00fclet<\/a><\/li><li><a href=\"https:\/\/cg.inf.elte.hu\/~hajder\/vision\/practice\/GY02\/\">Affin transzform\u00e1ci\u00f3k<\/a><\/li><li><a href=\"https:\/\/cg.inf.elte.hu\/~hajder\/vision\/practice\/RANSAC_TOFI\/\">RANSAC<\/a><\/li><li><a href=\"https:\/\/cg.inf.elte.hu\/~hajder\/vision\/practice\/Visualization\/\">Megjelen\u00edt\u00e9s (3D ponthalmaz)<\/a><\/li><li><a href=\"https:\/\/cg.inf.elte.hu\/~hajder\/vision\/practice\/MultiRANSAC\/\">Multi-modell illeszt\u00e9s<\/a><\/li><li><a href=\"https:\/\/cg.inf.elte.hu\/~hajder\/vision\/practice\/Homography\">Homogr\u00e1fia becsl\u00e9se<\/a><\/li><li><a href=\"https:\/\/cg.inf.elte.hu\/~hajder\/vision\/practice\/ObjectDetectionLIDAR\/\">Objektumdetekci\u00f3 LiDAR pontfelh?n<\/a><\/li><li><a href=\"https:\/\/cg.inf.elte.hu\/~hajder\/vision\/practice\/Calibration\/\">Kalibr\u00e1ci\u00f3 t\u00e9glatesttel<\/a><\/li><\/ul>\n\n\n\n<ul class=\"wp-block-list\"><li><a href=\"https:\/\/cg.inf.elte.hu\/~hajder\/vision\/practice\/Stereo\/\">Sztereo-L\u00e1t\u00e1s<\/a><\/li><li><a href=\"https:\/\/cg.inf.elte.hu\/~hajder\/vision\/practice\/MidPoint\/\">Felez?pontos (geometriai) h\u00e1romsz\u00f6gel\u00e9s<\/a><\/li><li><a href=\"https:\/\/cg.inf.elte.hu\/~hajder\/vision\/practice\/TomasiKanade\/\">Tomasi-Kanade&nbsp;factoriz\u00e1ci\u00f3<\/a><\/li><li><a href=\"https:\/\/cg.inf.elte.hu\/~hajder\/vision\/practice\/Registration\/\"><\/a><a href=\"https:\/\/cg.inf.elte.hu\/~hajder\/vision\/practice\/Registration\/\">Pontregisztr\u00e1ci\u00f3<\/a><\/li><\/ul>\n\n\n\n<h2 class=\"wp-block-heading\">Vizsgak\u00e9rd\u00e9sek<\/h2>\n\n\n\n<ol class=\"wp-block-list\"><li>Becsl\u00e9selm\u00e9let alapjai: nevezetes gradiensek; homog\u00e9n \u00e9s inhomog\u00e9n t\u00falhat\u00e1rozott line\u00e1ris egyenletrendszerek megold\u00e1sa. Szingul\u00e1ris \u00e9rt\u00e9kek szerinti felbont\u00e1s (SVD).<\/li><li>S\u00edkok \u00e9s egyenesek illeszt\u00e9se pontfelh?re. Optim\u00e1lis illeszt\u00e9s.<\/li><li>Robusztus illeszt\u00e9s: RANSAC algoritmus. Multi-model illeszt\u00e9s<\/li><li>Kameramodellek: perspekt\u00edv kamera, gyeng\u00e9n perspekt\u00edv kamera, mer?leges vet\u00edt\u00e9s.<\/li><li>Perspekt\u00edv kamera kalibr\u00e1ci\u00f3ja ismert t\u00e9rbeli alakzat eset\u00e9n. Projekci\u00f3s m\u00e1trix becsl\u00e9se \u00e9s felbont\u00e1sa<\/li><li>Perspekt\u00edv kamera kalibr\u00e1ci\u00f3ja sakkt\u00e1bla seg\u00edts\u00e9g\u00e9vel.<\/li><li>Homogr\u00e1fia. Panor\u00e1mak\u00e9p k\u00e9sz\u00edt\u00e9se homogr\u00e1fia seg\u00edts\u00e9g\u00e9vel.<\/li><li>Homogr\u00e1fia becsl\u00e9se.<\/li><li>Esszenci\u00e1lis \u00e9s fundament\u00e1lis m\u00e1trix fogalma, levezet\u00e9se. Rektifik\u00e1ci\u00f3.<\/li><li>Fundament\u00e1lis \u00e9s esszenci\u00e1lis m\u00e1trix becsl\u00e9se. Esszenci\u00e1lis m\u00e1trix felbont\u00e1sa<\/li><li>M\u00e9lys\u00e9gbecsl\u00e9s (triangul\u00e1ci\u00f3) kalibr\u00e1lt sztere\u00f3 k\u00e9pp\u00e1rok eset\u00e9ben.<\/li><li>Rekonstrukci\u00f3 mer?leges vet\u00edt\u00e9s \u00e9s gyenge perspekt\u00edv kamera felt\u00e9telez\u00e9s\u00e9vel (Tomasi-Kanade faktoriz\u00e1ci\u00f3).<\/li><li>Rekonstrukci\u00f3 3D-s ponthalmazok \u00f6sszef\u00fbz\u00e9s\u00e9vel. \u00c1tfed? ponthalmazok optim\u00e1lis regisztr\u00e1ci\u00f3ja.<\/li><li>Rekonstrukci\u00f3 pontos\u00edt\u00e1sa k\u00f6tegbehangol\u00e1ssal (bundle adjustment).<\/li><li><s>Rekonstrukci\u00f3 hardveres t\u00e1mogat\u00e1ssal:\u00a0szkennel\u00e9s struktur\u00e1lt f\u00e9ny vagy l\u00e9zer seg\u00edts\u00e9g\u00e9vel. <\/s><\/li><\/ol>\n\n\n\n<p><\/p>\n\n\n\n<h2 class=\"wp-block-heading\">Beadand\u00f3k bemutat\u00e1sa<\/h2>\n\n\n\n<ul class=\"wp-block-list\"><li>k\u00e9s?bb&#8230;<\/li><\/ul>\n\n\n\n<p><\/p>\n\n\n\n<h2 class=\"wp-block-heading\">T\u00e1rgy \u00e9rdemjegye<\/h2>\n\n\n\n<p>Vizsga teljes\u00edt\u00e9se:  beadand\u00f3 feladatok (100%) + sz\u00f3beli vizsga (100%) + b\u00f3nusz pontok (~20%, a gyakorlatokon szerezhet?)<\/p>\n\n\n\n<p>Az el\u00e9gs\u00e9ges felt\u00e9tele, hogy beadand\u00f3kb\u00f3l \u00e9s a sz\u00f3beli vizsg\u00e1n is a 40%-ot el kell \u00e9rni!<\/p>\n\n\n\n<p>V\u00e9gs? oszt\u00e1lyzat:<\/p>\n\n\n\n<ul class=\"wp-block-list\"><li>Jeles (5): 170%-<\/li><li>J\u00f3 (4): 140-169%<\/li><li>K\u00f6zepes (3): 110-139%<\/li><li>El\u00e9gs\u00e9ges (2): 80-109%<\/li><li>El\u00e9gtelen (1): 0-79%<\/li><\/ul>\n\n\n\n<h2 class=\"wp-block-heading\">Egy\u00e9b seg\u00e9danyagok, \u00f3rav\u00e1zlatok<\/h2>\n\n\n\n<ul class=\"wp-block-list\"><li>Matematikai alapok<ul><li><a href=\"\/~latas\/jegyzet\/matek\/matrixmuveletek\/matrixmuveletek.pdf\">M\u00e1trixm\u00fbveletek<\/a><\/li><li><a href=\"\/~latas\/jegyzet\/matek\/lagrange\/lagrange.pdf\">Lagrange-multiplik\u00e1toros optimaliz\u00e1l\u00e1s<\/a><\/li><li><a href=\"\/~latas\/jegyzet\/matek\/lin_eq_opt\/lin_eq_null_opt.pdf\">T\u00falhat\u00e1rozott line\u00e1ris egyenletrendszerek optim\u00e1lis megold\u00e1sa<\/a><\/li><li><a href=\"\/~latas\/jegyzet\/matek\/svd\/svd.pdf\">F?komponens anal\u00edzis, szingul\u00e1ris \u00e9rt\u00e9kek szerinti felbont\u00e1s<\/a><\/li><li><a href=\"\/~latas\/jegyzet\/matek\/qr\/qr.pdf\">QR dekompoz\u00edci\u00f3<\/a><\/li><li><a href=\"\/~latas\/jegyzet\/matek\/numerikus_opt\/numerikus_opt.pdf\">Numerikus optimaliz\u00e1l\u00e1s<\/a><\/li><li><a href=\"\/~latas\/jegyzet\/matek\/robusztus\/robusztus.pdf\">Robusztus becsl\u00e9si m\u00f3dszerek<\/a><\/li><\/ul><\/li><li><a href=\"\/~latas\/jegyzet\/rekonstrukcio_altalanos\/rek.pdf\">Rekonstrukci\u00f3s m\u00f3dszerek \u00e1ttekint\u00e9se<\/a><\/li><li><a href=\"\/~latas\/jegyzet\/regisztracio\/regisztracio.pdf\">3d-s ponthalmazok regisztr\u00e1ci\u00f3ja<\/a><\/li><li><a href=\"\/~latas\/egyzet\/optika\/optika.pdf\">Optika alapjai<\/a><\/li><li><a href=\"\/~latas\/jegyzet\/kameramodellek\/kameramodellek.pdf\">Kameramodellek<\/a><\/li><li><a href=\"\/~latas\/jegyzet\/kalibracio\/kalibracio.pdf\">Projekt\u00edv kamera kalibr\u00e1ci\u00f3ja<\/a><\/li><li><a href=\"\/~latas\/jegyzet\/homografia\/homografia.pdf\">Homogr\u00e1fia<\/a><\/li><li><a href=\"\/~latas\/jegyzet\/vizualis_burok\/visual_hull.pdf\">Vizu\u00e1lis burok algoritmus (angol)<\/a><\/li><li><a href=\"http:\/\/en.wikipedia.org\/wiki\/Marching_cubes\">Mas\u00edroz\u00f3 kock\u00e1k &#8211; Marching cube algoritmus (Wikipedia &#8211; angol)<\/a><\/li><li><a href=\"\/~latas\/jegyzet\/letapogatas\/lezer.pdf\">L\u00e9zeres \u00e9s projektoros szkennel\u00e9s<\/a><\/li><li><a href=\"http:\/\/visual.ipan.sztaki.hu\/ELTEfoliak\/1-in-page\/lec04_matching_prn.pdf\">Mintailleszt\u00e9s k\u00fcl\u00f6nbs\u00e9g \u00e9s korrel\u00e1ci\u00f3 alap\u00fa m\u00f3dszerekkel (angol)<\/a><\/li><li><a href=\"\/~latas\/jegyzet\/klt\/klt_pontvalasztas.pdf\">Sarokdetekt\u00e1l\u00e1s \u00e9s Lucas-Kanade pontk\u00f6vet\u00e9s<\/a><\/li><li><a href=\"\/~latas\/jegyzet\/TomasiKanade\/TomasiKanade.pdf\">TomasiKanade faktoriz\u00e1ci\u00f3<\/a><\/li><li><a href=\"\/~latas\/jegyzet\/projective\/projgem.pdf\">Projekt\u00edv geometria alapjai<\/a><\/li><li>M\u00e9lys\u00e9gbecsl\u00e9s<ul><li><a href=\"\/~latas\/jegyzet\/melyseg_szamitas1\/3dszam.pdf\">Line\u00e1ris m\u00f3dszerrel<\/a><\/li><\/ul><\/li><li><a href=\"\/~latas\/jegyzet\/kotegelt_behangolas\/ba.pdf\">K\u00f6tegelt behangol\u00e1s (bundle adjustment)<\/a><\/li><li>Rekonstru\u00e1lt objektumok vizualiz\u00e1ci\u00f3ja<\/li><li><a href=\"\/~latas\/jegyzet\/vizualizacio\/x3d.pdf\">X3D<\/a><\/li><\/ul>\n\n\n\n<h2 class=\"wp-block-heading\">Saj\u00e1t p\u00e9ld\u00e1k<\/h2>\n\n\n\n<ul class=\"wp-block-list\"><li><a href=\"\/~latas\/peldak\/zsalu.gif\">Val\u00f3s \u00e9s virtu\u00e1lis mozg\u00e1s kever\u00e9se (anim\u00e1lt GIF, 33MByte!)<\/a><\/li><li>Objektum rekonstrukci\u00f3 <a href=\"\/~latas\/peldak\/geza.gif\">Input<\/a> <a href=\"\/~latas\/peldak\/geza3D.gif\">Output<\/a><\/li><li><a href=\"https:\/\/www.youtube.com\/@geometriccomputervisiongro6255\">GCVG Youtube csatorna<\/a><\/li><\/ul>\n\n\n\n<h2 class=\"wp-block-heading\">Profi p\u00e9ld\u00e1k<\/h2>\n\n\n\n<ul class=\"wp-block-list\"><li><a href=\"\/~latas\/peldak\/debevec-campanile.mov\">Val\u00f3s \u00e9s virtu\u00e1lis mozg\u00e1s kever\u00e9se<\/a><\/li><\/ul>\n\n\n\n<h2 class=\"wp-block-heading\">El\u00e9rhet?s\u00e9g<\/h2>\n\n\n\n<p><a href=\"mailto:z2rciu@inf.elte.hu\">T\u00f3falvi Tam\u00e1s<\/a><\/p>\n\n\n\n<p><a href=\"mailto:hajder@inf.elte.hu\">Hajder Levente<\/a><\/p>\n\n\n\n<p><a href=\"http:\/\/cv.inf.elte.hu\">Geometric Computer Vision Group<\/a><br>ELTE IK, Algoritmusok \u00e9s Alkalmaz\u00e1saik Tansz\u00e9k, 2.704-es szoba.<\/p>\n","protected":false},"excerpt":{"rendered":"<p>\u00d3r\u00e1k a 2023\/24. tavaszi f\u00e9l\u00e9vben: El?ad\u00e1s: keddenk\u00e9nt 17.45-19.15 &nbsp; 0.311 K?nig-terem 2.219 Grafika labor Gyakorlat: keddenk\u00e9nt 19.30-21.00&nbsp;Grafika-labor (2-219) Els? \u00f3ra kiv\u00e9telesen (fakultat\u00edv): m\u00e1rcius 23. 10.00 ELTE D\u00e9li \u00e9p\u00fclet, Duna fel\u00f6li bej\u00e1rat el?tt a parkol\u00f3ban. (Id?pontv\u00e1ltoz\u00e1s&#8230;<\/p>\n","protected":false},"author":7,"featured_media":0,"parent":0,"menu_order":0,"comment_status":"closed","ping_status":"closed","template":"","meta":{"inline_featured_image":false,"footnotes":""},"class_list":["post-1839","page","type-page","status-publish","hentry"],"_links":{"self":[{"href":"https:\/\/cg.inf.elte.hu\/index.php\/wp-json\/wp\/v2\/pages\/1839","targetHints":{"allow":["GET"]}}],"collection":[{"href":"https:\/\/cg.inf.elte.hu\/index.php\/wp-json\/wp\/v2\/pages"}],"about":[{"href":"https:\/\/cg.inf.elte.hu\/index.php\/wp-json\/wp\/v2\/types\/page"}],"author":[{"embeddable":true,"href":"https:\/\/cg.inf.elte.hu\/index.php\/wp-json\/wp\/v2\/users\/7"}],"replies":[{"embeddable":true,"href":"https:\/\/cg.inf.elte.hu\/index.php\/wp-json\/wp\/v2\/comments?post=1839"}],"version-history":[{"count":112,"href":"https:\/\/cg.inf.elte.hu\/index.php\/wp-json\/wp\/v2\/pages\/1839\/revisions"}],"predecessor-version":[{"id":2353,"href":"https:\/\/cg.inf.elte.hu\/index.php\/wp-json\/wp\/v2\/pages\/1839\/revisions\/2353"}],"wp:attachment":[{"href":"https:\/\/cg.inf.elte.hu\/index.php\/wp-json\/wp\/v2\/media?parent=1839"}],"curies":[{"name":"wp","href":"https:\/\/api.w.org\/{rel}","templated":true}]}}