{"id":170,"date":"2016-09-05T12:59:33","date_gmt":"2016-09-05T12:59:33","guid":{"rendered":"http:\/\/cgraf.inf.elte.hu\/?page_id=170"},"modified":"2024-02-14T16:50:43","modified_gmt":"2024-02-14T15:50:43","slug":"gyik-gyakorlat","status":"publish","type":"page","link":"https:\/\/cg.inf.elte.hu\/index.php\/gyik-gyakorlat\/","title":{"rendered":"BSc Gyakorlat k\u00f6vetelm\u00e9nyek \u00e9s GYIK"},"content":{"rendered":"<h1>K\u00f6vetelm\u00e9nyek<\/h1>\n<p><span style=\"font-weight: 400;\">A C++ programoz\u00e1si nyelv alapszint\u0171 ismerete elv\u00e1rt. Akinek ez nincs meg, annak aj\u00e1nlott a &#8220;Programoz\u00e1si nyelvek C++&#8221; t\u00e1rgy elv\u00e9gz\u00e9se a grafika gyakorlat el\u0151tt (a grafika el\u0151ad\u00e1s f\u00fcggetlen a gyakorlatt\u00f3l). A hallgat\u00f3 a C++ ismereteit <a href=\"https:\/\/cg.inf.elte.hu\/wp-content\/uploads\/2018\/02\/C-teszt.pdf\" target=\"_blank\" rel=\"noopener noreferrer\">ezen a linken<\/a> m\u00e9rheti fel, 5 helyes v\u00e1laszn\u00e1l kevesebb eset\u00e9n a gyakorlat k\u00f6vet\u00e9se m\u00e1r neh\u00e9zkes lehet.<\/span><span style=\"font-weight: 400;\"><br \/>\n<\/span><span style=\"font-weight: 400;\">K\u00f6z\u00e9piskol\u00e1s matematika (matalap), valamint line\u00e1ris algebra alapszint\u0171 ismerete elv\u00e1rt mindenkit\u0151l.<\/span><\/p>\n<p>A t\u00e1rgyb\u00f3l a szorgalmi id\u0151szak alatt pontokat lehet szerezni, melyek a v\u00e9gs\u0151 jegyet nagyban befoly\u00e1solj\u00e1k. Err\u0151l az al\u00e1bbi t\u00e1bl\u00e1zat ad t\u00f6bb inform\u00e1ci\u00f3t:<\/p>\n<p>[table id=13 \/]<\/p>\n<h3>Sz\u00e1monk\u00e9r\u00e9s<\/h3>\n<p>A t\u00e1rgyb\u00f3l \u00e9v v\u00e9g\u00e9n \u00e9vfolyamZH van ezt ki lehet v\u00e1ltani nagybeadand\u00f3val (&gt;0 szorgalmi pont eset\u00e9n). A ZH \u00e9s a nagybeadand\u00f3 is <strong>100 pont<\/strong>os, ehhez hozz\u00e1ad\u00f3dnak (vagy levon\u00f3dnak) a f\u00e9l\u00e9v sor\u00e1n szerzett pontok.\u00a0A nagybeadand\u00f3 id\u0151ig\u00e9nyesebb, mint az \u00e9vfolyamZH, de akit \u00e9rdekel a grafika, annak mindenk\u00e9ppen ez aj\u00e1nlott.<\/p>\n<h3>Kisbeadand\u00f3k<\/h3>\n<p>K\u00e9t kisbeadand\u00f3t kell elk\u00e9sz\u00edteni a f\u00e9l\u00e9v sor\u00e1n. Ezek \u00e9rt\u00e9kel\u00e9se az al\u00e1bbi form\u00e1ban materializ\u00e1l\u00f3dik:<\/p>\n<ul>\n<li>Az els\u0151 beadand\u00f3 4 r\u00e9szfeladatb\u00f3l \u00e1ll, melyek mindegyike 2 pontot \u00e9r.<\/li>\n<li>A m\u00e1sodik beadand\u00f3 3 r\u00e9szfeladatb\u00f3l \u00e1ll, mindegyik szint\u00e9n 2 pontos.<\/li>\n<li>Nem beadott, vagy nem bemutatott, vagy nem elfogadhat\u00f3 beadand\u00f3 -15, illetve -10 pontot \u00e9r.<\/li>\n<\/ul>\n<h3>Nagybeadand\u00f3<\/h3>\n<p>A zh helyett lehet nagybeadand\u00f3t \u00edrni, a kiv\u00e1lasztott feladatokb\u00f3l. A nagybeadand\u00f3t C++-ban, OpenGL seg\u00edts\u00e9g\u00e9vel kell elk\u00e9sz\u00edteni, a gyakorlatokon vett keretrendszerben.<br \/>\n<strong>Fontos!<\/strong> A szorgalmi id\u0151szak v\u00e9g\u00e9ig kell v\u00e1lasztani Nagybeadand\u00f3 feladatot, amit az UV id\u0151pontj\u00e1ig kell elk\u00e9sz\u00edteni \u00e9s ott bemutatni. Nagybeadand\u00f3 feladat v\u00e1laszt\u00e1sa kiz\u00e1rja a ZH-t, \u00e9s ford\u00edtva.<\/p>\n<h3>Z\u00e1rthelyi<\/h3>\n<p>Az \u00e9v v\u00e9g\u00e9n, ha a hallgat\u00f3 z\u00e1rthelyit szeretne \u00edrni, jelentkeznie kell a Neptunban a vizsgaid\u0151szak els\u0151 het\u00e9n valamelyik ZH id\u0151pontra (2 alkalom k\u00f6z\u00fcl lehet v\u00e1lasztani). A z\u00e1rthelyi dolgozat 4 \u00f3r\u00e1s, egy ut\u00f3vizsga lehet\u0151s\u00e9g van.\u00a0<span style=\"font-weight: 400;\">Ha valaki bukik a z\u00e1rthelyin, a pontjai\u00a0fel\u00e9nek als\u00f3 eg\u00e9sz r\u00e9sz\u00e9t viszi tov\u00e1bb.<br \/>\n<\/span><span style=\"font-weight: 400;\"><strong>Fontos!<\/strong> Ha z\u00e1rthelyit \u00edrsz\/\u00edrt\u00e1l, akkor m\u00e1r nem adhatsz be nagybeadand\u00f3t!<\/span><\/p>\n<h3>Hi\u00e1nyz\u00e1sok<\/h3>\n<p><span style=\"font-weight: 400;\">A gyakorlatokr\u00f3l legfeljebb 3-szor lehet hi\u00e1nyozni. T\u00f6bb hi\u00e1nyz\u00e1s eset\u00e9n tov\u00e1bbi megk\u00f6t\u00e9sek \u00e9rv\u00e9nyesek a jegyszerz\u00e9sre: 4 hi\u00e1nyz\u00e1sn\u00e1l legal\u00e1bb h\u00e1rmas, 5 hi\u00e1nyz\u00e1sn\u00e1l legal\u00e1bb n\u00e9gyes \u00e9s 6 vagy t\u00f6bb hi\u00e1nyz\u00e1sn\u00e1l csak \u00f6t\u00f6s \u00e9rdemjeggyel teljes\u00edthet\u0151 a t\u00e1rgy.<\/span><\/p>\n<hr \/>\n<h1>K\u00e9rd\u00e9sek \u00e9s V\u00e1laszok<\/h1>\n<p><a href=\"https:\/\/www.facebook.com\/groups\/554579498060715\/\" target=\"_blank\" rel=\"noopener noreferrer\">Facebook Csoport<\/a><\/p>\n<p><strong>K\u00e9rd\u00e9s: <\/strong>Mik a t\u00e1rgy el\u0151felt\u00e9telei?<\/p>\n<p><strong>V\u00e1lasz: <\/strong>(A 2008-as tantervre vonatkozik): Ha A szakir\u00e1nyos vagy, akkor er\u0151s el\u0151felt\u00e9tel a Programoz\u00e1si nyelvek C++ \u00e9s a Line\u00e1ris algebra. Ha C szakir\u00e1nyos vagy, akkor er\u0151s el\u0151felt\u00e9tel a Line\u00e1ris algebra \u00e9s gyenge el\u0151felt\u00e9tel a Programoz\u00e1si nyelvek C++. A tan\u00e1rszakos hallgat\u00f3kn\u00e1l minden el\u0151felt\u00e9tel er\u0151s. Az er\u0151s el\u0151felt\u00e9telek gyeng\u00edt\u00e9si k\u00e9relm\u00e9t nem enged\u00e9lyezz\u00fck. Tov\u00e1bbi inform\u00e1ci\u00f3k a szakir\u00e1nyodnak megfelel\u0151 <a href=\"https:\/\/www.inf.elte.hu\/tantervihalok\">tantervi h\u00e1l\u00f3ban<\/a>.<br \/>\nFelh\u00edvjuk a figyelmet, hogy mindenki a megfelel\u0151 k\u00f3ddal vegye fel a t\u00e1rgyat, ugyanis a kurzus kredit\u00e9rt\u00e9ke \u00e9s sz\u00e1monk\u00e9r\u00e9si m\u00f3dja k\u00fcl\u00f6nb\u00f6zhet.<\/p>\n<hr \/>\n<p><strong>K\u00e9rd\u00e9s: <\/strong>XY-hoz vettem fel az \u00f3r\u00e1t a tanulm\u00e1nyi rendszerben, de ZW-hez szeretn\u00e9k j\u00e1rni. Megtehetem?<\/p>\n<p><strong>V\u00e1lasz: <\/strong>Csak abban az esetben, ha mindk\u00e9t \u00f3ra oktat\u00f3ja beleegyezik ebbe, tud r\u00f3la \u00e9s ZW gyakorlat\u00e1n van szabad teremkapacit\u00e1s.<\/p>\n<hr \/>\n<p><strong>K\u00e9rd\u00e9s: <\/strong>Meg lehetne n\u00f6velni valamelyik csoport l\u00e9tsz\u00e1m\u00e1t, hogy bef\u00e9rjek?<\/p>\n<p><strong>V\u00e1lasz: <\/strong>Indokolt esetben lehets\u00e9ges, de a terem m\u00e9rete \u00e9s a g\u00e9pek sz\u00e1ma korl\u00e1tozott, \u00edgy 20, legfeljebb 21 f\u0151 l\u00e9tsz\u00e1m\u00fa csoportokat \u00e1ll m\u00f3dunkban meghirdetni.<\/p>\n<hr \/>\n<p><strong>K\u00e9rd\u00e9s: <\/strong>H\u00e1nyszor lehet hi\u00e1nyozni gyakorlatokr\u00f3l?<\/p>\n<p><strong>V\u00e1lasz: <\/strong>Gyakorlatra j\u00e1rni k\u00f6telez\u0151, a f\u00e9l\u00e9v sor\u00e1n h\u00e1rmat lehet hi\u00e1nyozni. Aki enn\u00e9l t\u00f6bbet hi\u00e1nyzik, csak jeles (5) megszerz\u00e9se eset\u00e9n teljes\u00edtette sikeresen a gyakorlatot.<\/p>\n<hr \/>\n<p><strong>K\u00e9rd\u00e9s: <\/strong>Mikor mehetek UV-ra?<\/p>\n<p><strong>V\u00e1lasz: <\/strong>Ha elj\u00f6tt\u00e9l egy g\u00e9ptermi vizsg\u00e1ra \u00e9s ott nem siker\u00fclt \u00e1tmenned. <strong>FIGYELEM! <\/strong>A g\u00e9ptermin megszerzett pontsz\u00e1m 1\/2-\u00e9t tov\u00e1bb viszed UV-ra! (Pozit\u00edv \u00e9s negat\u00edv pontsz\u00e1m eset\u00e9n egyar\u00e1nt.)<\/p>\n<hr \/>\n<p><strong>K\u00e9rd\u00e9s:<\/strong> Nem fordul a k\u00f3dom. Mit tegyek?<\/p>\n<p><strong>V\u00e1lasz: <\/strong><strong>MINDIG<\/strong> olvasd el a ford\u00edt\u00f3 \u00e1ltal ki\u00edrt hiba\u00fczenetet \u00e9s az \u00e1ltala jelzett probl\u00e9m\u00e1kat jav\u00edtsd, a legels\u0151t\u0151l kezdve! P\u00e9ld\u00e1ul ha nem deklar\u00e1lt v\u00e1ltoz\u00f3t tal\u00e1lt, akkor deklar\u00e1ld a v\u00e1ltoz\u00f3t stb.<\/p>\n<hr \/>\n<p><strong>K\u00e9rd\u00e9s: <\/strong>Nem l\u00e1tom a jegyemet a g\u00e9ptermikhez meghirdetett Neptunos vizsgaalkalmakn\u00e1l, pedig {2,3,4,5}-\u00f6st kaptam!<\/p>\n<p><strong>V\u00e1lasz: <\/strong>A jegyek csak a gyakorlati lapra ker\u00fclnek be, a vizsgalapok mind\u00f6ssze a jelentkez\u00e9s megk\u00f6nny\u00edt\u00e9s\u00e9t szolg\u00e1lj\u00e1k.<\/p>\n<hr \/>\n","protected":false},"excerpt":{"rendered":"<p>K\u00f6vetelm\u00e9nyek A C++ programoz\u00e1si nyelv alapszint\u0171 ismerete elv\u00e1rt. Akinek ez nincs meg, annak aj\u00e1nlott a &#8220;Programoz\u00e1si nyelvek C++&#8221; t\u00e1rgy elv\u00e9gz\u00e9se a grafika gyakorlat el\u0151tt (a grafika el\u0151ad\u00e1s f\u00fcggetlen a gyakorlatt\u00f3l). A hallgat\u00f3 a C++ ismereteit&#8230;<\/p>\n","protected":false},"author":2,"featured_media":0,"parent":0,"menu_order":0,"comment_status":"closed","ping_status":"closed","template":"","meta":{"inline_featured_image":false,"footnotes":""},"class_list":["post-170","page","type-page","status-publish","hentry"],"_links":{"self":[{"href":"https:\/\/cg.inf.elte.hu\/index.php\/wp-json\/wp\/v2\/pages\/170","targetHints":{"allow":["GET"]}}],"collection":[{"href":"https:\/\/cg.inf.elte.hu\/index.php\/wp-json\/wp\/v2\/pages"}],"about":[{"href":"https:\/\/cg.inf.elte.hu\/index.php\/wp-json\/wp\/v2\/types\/page"}],"author":[{"embeddable":true,"href":"https:\/\/cg.inf.elte.hu\/index.php\/wp-json\/wp\/v2\/users\/2"}],"replies":[{"embeddable":true,"href":"https:\/\/cg.inf.elte.hu\/index.php\/wp-json\/wp\/v2\/comments?post=170"}],"version-history":[{"count":31,"href":"https:\/\/cg.inf.elte.hu\/index.php\/wp-json\/wp\/v2\/pages\/170\/revisions"}],"predecessor-version":[{"id":2288,"href":"https:\/\/cg.inf.elte.hu\/index.php\/wp-json\/wp\/v2\/pages\/170\/revisions\/2288"}],"wp:attachment":[{"href":"https:\/\/cg.inf.elte.hu\/index.php\/wp-json\/wp\/v2\/media?parent=170"}],"curies":[{"name":"wp","href":"https:\/\/api.w.org\/{rel}","templated":true}]}}